{"id":9,"date":"2021-04-13T23:38:25","date_gmt":"2021-04-13T23:38:25","guid":{"rendered":"https:\/\/espejoslaura.com.ar\/?page_id=9"},"modified":"2021-05-27T11:43:01","modified_gmt":"2021-05-27T11:43:01","slug":"inicio","status":"publish","type":"page","link":"https:\/\/espejoslaura.com.ar\/","title":{"rendered":""},"content":{"rendered":"\t\t<div data-elementor-type=\"wp-page\" data-elementor-id=\"9\" class=\"elementor elementor-9\">\n\t\t\t\t\t\t<section class=\"elementor-section elementor-top-section elementor-element elementor-element-ef7a52d elementor-section-boxed elementor-section-height-default elementor-section-height-default\" data-id=\"ef7a52d\" data-element_type=\"section\" data-e-type=\"section\">\n\t\t\t\t\t\t<div class=\"elementor-container elementor-column-gap-default\">\n\t\t\t\t\t\t<\/div>\n\t\t<\/section>\n\t\t\t\t<section class=\"elementor-section elementor-top-section elementor-element elementor-element-73b87e5 elementor-section-boxed elementor-section-height-default elementor-section-height-default\" data-id=\"73b87e5\" data-element_type=\"section\" data-e-type=\"section\">\n\t\t\t\t\t\t<div class=\"elementor-container elementor-column-gap-default\">\n\t\t\t\t\t<div class=\"elementor-column elementor-col-100 elementor-top-column elementor-element elementor-element-fec5dbf\" data-id=\"fec5dbf\" data-element_type=\"column\" data-e-type=\"column\">\n\t\t\t<div class=\"elementor-widget-wrap elementor-element-populated\">\n\t\t\t\t\t\t\t<\/div>\n\t\t<\/div>\n\t\t\t\t\t<\/div>\n\t\t<\/section>\n\t\t\t\t<section class=\"elementor-section elementor-top-section elementor-element elementor-element-b867f8e elementor-section-boxed elementor-section-height-default elementor-section-height-default\" data-id=\"b867f8e\" data-element_type=\"section\" data-e-type=\"section\">\n\t\t\t\t\t\t<div class=\"elementor-container elementor-column-gap-default\">\n\t\t\t\t\t<div class=\"elementor-column elementor-col-100 elementor-top-column elementor-element elementor-element-faab0f5\" data-id=\"faab0f5\" data-element_type=\"column\" data-e-type=\"column\">\n\t\t\t<div class=\"elementor-widget-wrap elementor-element-populated\">\n\t\t\t\t\t\t<div class=\"elementor-element elementor-element-be299df elementor-invisible elementor-widget elementor-widget-heading\" data-id=\"be299df\" data-element_type=\"widget\" data-e-type=\"widget\" data-settings=\"{&quot;_animation&quot;:&quot;fadeInLeft&quot;}\" data-widget_type=\"heading.default\">\n\t\t\t\t<div class=\"elementor-widget-container\">\n\t\t\t\t\t<h2 class=\"elementor-heading-title elementor-size-default\">Somos una marca registrada con m\u00e1s de 30 a\u00f1os de trayectoria en el mercado. <br>No somos innovaci\u00f3n, somos leyenda.<\/h2>\t\t\t\t<\/div>\n\t\t\t\t<\/div>\n\t\t\t\t\t<\/div>\n\t\t<\/div>\n\t\t\t\t\t<\/div>\n\t\t<\/section>\n\t\t\t\t<section class=\"elementor-section elementor-top-section elementor-element elementor-element-e0e29c3 elementor-section-boxed elementor-section-height-default elementor-section-height-default\" data-id=\"e0e29c3\" data-element_type=\"section\" data-e-type=\"section\">\n\t\t\t\t\t\t<div class=\"elementor-container elementor-column-gap-default\">\n\t\t\t\t\t<div class=\"elementor-column elementor-col-100 elementor-top-column elementor-element elementor-element-d33086e\" data-id=\"d33086e\" data-element_type=\"column\" data-e-type=\"column\">\n\t\t\t<div class=\"elementor-widget-wrap elementor-element-populated\">\n\t\t\t\t\t\t<div class=\"elementor-element elementor-element-9ccb975 elementor-widget elementor-widget-spacer\" data-id=\"9ccb975\" data-element_type=\"widget\" data-e-type=\"widget\" data-widget_type=\"spacer.default\">\n\t\t\t\t<div class=\"elementor-widget-container\">\n\t\t\t\t\t\t\t<div class=\"elementor-spacer\">\n\t\t\t<div class=\"elementor-spacer-inner\"><\/div>\n\t\t<\/div>\n\t\t\t\t\t\t<\/div>\n\t\t\t\t<\/div>\n\t\t\t\t\t<\/div>\n\t\t<\/div>\n\t\t\t\t\t<\/div>\n\t\t<\/section>\n\t\t\t\t<section class=\"elementor-section elementor-top-section elementor-element elementor-element-632782c elementor-section-boxed elementor-section-height-default elementor-section-height-default\" data-id=\"632782c\" data-element_type=\"section\" data-e-type=\"section\">\n\t\t\t\t\t\t<div class=\"elementor-container elementor-column-gap-default\">\n\t\t\t\t\t<div class=\"elementor-column elementor-col-100 elementor-top-column elementor-element elementor-element-32bad2b\" data-id=\"32bad2b\" data-element_type=\"column\" data-e-type=\"column\">\n\t\t\t<div class=\"elementor-widget-wrap elementor-element-populated\">\n\t\t\t\t\t\t<section class=\"elementor-section elementor-inner-section elementor-element elementor-element-6585a66 elementor-section-boxed elementor-section-height-default elementor-section-height-default\" data-id=\"6585a66\" data-element_type=\"section\" data-e-type=\"section\">\n\t\t\t\t\t\t<div class=\"elementor-container elementor-column-gap-default\">\n\t\t\t\t\t<div class=\"elementor-column elementor-col-50 elementor-inner-column elementor-element elementor-element-21004ee\" data-id=\"21004ee\" data-element_type=\"column\" data-e-type=\"column\">\n\t\t\t<div class=\"elementor-widget-wrap elementor-element-populated\">\n\t\t\t\t\t\t<div class=\"elementor-element elementor-element-506c44b elementor-invisible elementor-widget elementor-widget-image\" data-id=\"506c44b\" data-element_type=\"widget\" data-e-type=\"widget\" data-settings=\"{&quot;_animation&quot;:&quot;pulse&quot;}\" data-widget_type=\"image.default\">\n\t\t\t\t<div class=\"elementor-widget-container\">\n\t\t\t\t\t\t\t\t\t\t\t\t\t\t\t<img fetchpriority=\"high\" decoding=\"async\" width=\"300\" height=\"300\" src=\"https:\/\/espejoslaura.com.ar\/wp-content\/uploads\/2021\/05\/Diseno-sin-titulo-25-300x300.png\" class=\"attachment-woocommerce_thumbnail size-woocommerce_thumbnail wp-image-183\" alt=\"\" srcset=\"https:\/\/espejoslaura.com.ar\/wp-content\/uploads\/2021\/05\/Diseno-sin-titulo-25.png 300w, https:\/\/espejoslaura.com.ar\/wp-content\/uploads\/2021\/05\/Diseno-sin-titulo-25-100x100.png 100w, https:\/\/espejoslaura.com.ar\/wp-content\/uploads\/2021\/05\/Diseno-sin-titulo-25-150x150.png 150w\" sizes=\"(max-width: 300px) 100vw, 300px\" \/>\t\t\t\t\t\t\t\t\t\t\t\t\t\t\t<\/div>\n\t\t\t\t<\/div>\n\t\t\t\t<div class=\"elementor-element elementor-element-9e77e83 elementor-widget elementor-widget-text-editor\" data-id=\"9e77e83\" data-element_type=\"widget\" data-e-type=\"widget\" data-widget_type=\"text-editor.default\">\n\t\t\t\t<div class=\"elementor-widget-container\">\n\t\t\t\t\t\t\t\t\t<p>Espejo circular ideal para lucir cualquier habitaci\u00f3n o living. Brinda perspectiva y dise\u00f1o a tus ambientes.<\/p>\t\t\t\t\t\t\t\t<\/div>\n\t\t\t\t<\/div>\n\t\t\t\t\t<\/div>\n\t\t<\/div>\n\t\t\t\t<div class=\"elementor-column elementor-col-50 elementor-inner-column elementor-element elementor-element-a6ce3fc\" data-id=\"a6ce3fc\" data-element_type=\"column\" data-e-type=\"column\">\n\t\t\t<div class=\"elementor-widget-wrap elementor-element-populated\">\n\t\t\t\t\t\t<div class=\"elementor-element elementor-element-cf5665a elementor-invisible elementor-widget elementor-widget-image\" data-id=\"cf5665a\" data-element_type=\"widget\" data-e-type=\"widget\" data-settings=\"{&quot;_animation&quot;:&quot;pulse&quot;}\" data-widget_type=\"image.default\">\n\t\t\t\t<div class=\"elementor-widget-container\">\n\t\t\t\t\t\t\t\t\t\t\t\t\t\t\t<img decoding=\"async\" width=\"204\" height=\"300\" src=\"https:\/\/espejoslaura.com.ar\/wp-content\/uploads\/2021\/05\/espejos_51-204x300.jpg\" class=\"attachment-medium size-medium wp-image-158\" alt=\"\" srcset=\"https:\/\/espejoslaura.com.ar\/wp-content\/uploads\/2021\/05\/espejos_51-204x300.jpg 204w, https:\/\/espejoslaura.com.ar\/wp-content\/uploads\/2021\/05\/espejos_51-scaled-600x881.jpg 600w, https:\/\/espejoslaura.com.ar\/wp-content\/uploads\/2021\/05\/espejos_51-698x1024.jpg 698w, https:\/\/espejoslaura.com.ar\/wp-content\/uploads\/2021\/05\/espejos_51-768x1127.jpg 768w, https:\/\/espejoslaura.com.ar\/wp-content\/uploads\/2021\/05\/espejos_51-1047x1536.jpg 1047w, https:\/\/espejoslaura.com.ar\/wp-content\/uploads\/2021\/05\/espejos_51-1396x2048.jpg 1396w, https:\/\/espejoslaura.com.ar\/wp-content\/uploads\/2021\/05\/espejos_51-scaled.jpg 1744w\" sizes=\"(max-width: 204px) 100vw, 204px\" \/>\t\t\t\t\t\t\t\t\t\t\t\t\t\t\t<\/div>\n\t\t\t\t<\/div>\n\t\t\t\t<div class=\"elementor-element elementor-element-8283da3 elementor-widget elementor-widget-text-editor\" data-id=\"8283da3\" data-element_type=\"widget\" data-e-type=\"widget\" data-widget_type=\"text-editor.default\">\n\t\t\t\t<div class=\"elementor-widget-container\">\n\t\t\t\t\t\t\t\t\t<p>Espejo vertical de piso para figura completa. Permite una visual amplia desde los pies hasta la cabeza.\u00a0<\/p>\t\t\t\t\t\t\t\t<\/div>\n\t\t\t\t<\/div>\n\t\t\t\t\t<\/div>\n\t\t<\/div>\n\t\t\t\t\t<\/div>\n\t\t<\/section>\n\t\t\t\t\t<\/div>\n\t\t<\/div>\n\t\t\t\t\t<\/div>\n\t\t<\/section>\n\t\t\t\t<section class=\"elementor-section elementor-top-section elementor-element elementor-element-b2f2b9f elementor-section-boxed elementor-section-height-default elementor-section-height-default\" data-id=\"b2f2b9f\" data-element_type=\"section\" data-e-type=\"section\">\n\t\t\t\t\t\t<div class=\"elementor-container elementor-column-gap-default\">\n\t\t\t\t\t<div class=\"elementor-column elementor-col-100 elementor-top-column elementor-element elementor-element-1c8dd06\" data-id=\"1c8dd06\" data-element_type=\"column\" data-e-type=\"column\">\n\t\t\t<div class=\"elementor-widget-wrap elementor-element-populated\">\n\t\t\t\t\t\t<section class=\"elementor-section elementor-inner-section elementor-element elementor-element-30aa8b3 elementor-section-boxed elementor-section-height-default elementor-section-height-default\" data-id=\"30aa8b3\" data-element_type=\"section\" data-e-type=\"section\">\n\t\t\t\t\t\t<div class=\"elementor-container elementor-column-gap-default\">\n\t\t\t\t\t<div class=\"elementor-column elementor-col-50 elementor-inner-column elementor-element elementor-element-e00f919\" data-id=\"e00f919\" data-element_type=\"column\" data-e-type=\"column\">\n\t\t\t<div class=\"elementor-widget-wrap elementor-element-populated\">\n\t\t\t\t\t\t<div class=\"elementor-element elementor-element-5cd41fa elementor-invisible elementor-widget elementor-widget-image\" data-id=\"5cd41fa\" data-element_type=\"widget\" data-e-type=\"widget\" data-settings=\"{&quot;_animation&quot;:&quot;pulse&quot;}\" data-widget_type=\"image.default\">\n\t\t\t\t<div class=\"elementor-widget-container\">\n\t\t\t\t\t\t\t\t\t\t\t\t\t\t\t<img decoding=\"async\" width=\"200\" height=\"300\" src=\"https:\/\/espejoslaura.com.ar\/wp-content\/uploads\/2021\/05\/espejos_42-200x300.jpg\" class=\"attachment-medium size-medium wp-image-150\" alt=\"\" srcset=\"https:\/\/espejoslaura.com.ar\/wp-content\/uploads\/2021\/05\/espejos_42-200x300.jpg 200w, https:\/\/espejoslaura.com.ar\/wp-content\/uploads\/2021\/05\/espejos_42-scaled-600x900.jpg 600w, https:\/\/espejoslaura.com.ar\/wp-content\/uploads\/2021\/05\/espejos_42-683x1024.jpg 683w, https:\/\/espejoslaura.com.ar\/wp-content\/uploads\/2021\/05\/espejos_42-768x1152.jpg 768w, https:\/\/espejoslaura.com.ar\/wp-content\/uploads\/2021\/05\/espejos_42-1024x1536.jpg 1024w, https:\/\/espejoslaura.com.ar\/wp-content\/uploads\/2021\/05\/espejos_42-1365x2048.jpg 1365w, https:\/\/espejoslaura.com.ar\/wp-content\/uploads\/2021\/05\/espejos_42-scaled.jpg 1707w\" sizes=\"(max-width: 200px) 100vw, 200px\" \/>\t\t\t\t\t\t\t\t\t\t\t\t\t\t\t<\/div>\n\t\t\t\t<\/div>\n\t\t\t\t<div class=\"elementor-element elementor-element-d0d5324 elementor-widget elementor-widget-text-editor\" data-id=\"d0d5324\" data-element_type=\"widget\" data-e-type=\"widget\" data-widget_type=\"text-editor.default\">\n\t\t\t\t<div class=\"elementor-widget-container\">\n\t\t\t\t\t\t\t\t\t<p>Espejo de piso ovalado es ideal para decorar el ambiente con un dise\u00f1o desestructurado y moderno.<\/p>\t\t\t\t\t\t\t\t<\/div>\n\t\t\t\t<\/div>\n\t\t\t\t\t<\/div>\n\t\t<\/div>\n\t\t\t\t<div class=\"elementor-column elementor-col-50 elementor-inner-column elementor-element elementor-element-e4331a6\" data-id=\"e4331a6\" data-element_type=\"column\" data-e-type=\"column\">\n\t\t\t<div class=\"elementor-widget-wrap elementor-element-populated\">\n\t\t\t\t\t\t<div class=\"elementor-element elementor-element-e2d7b2b elementor-invisible elementor-widget elementor-widget-image\" data-id=\"e2d7b2b\" data-element_type=\"widget\" data-e-type=\"widget\" data-settings=\"{&quot;_animation&quot;:&quot;pulse&quot;}\" data-widget_type=\"image.default\">\n\t\t\t\t<div class=\"elementor-widget-container\">\n\t\t\t\t\t\t\t\t\t\t\t\t\t\t\t<img decoding=\"async\" src=\"https:\/\/espejoslaura.com.ar\/wp-content\/uploads\/2021\/05\/espejos_32-scaled.jpg\" title=\"espejos_32\" alt=\"espejos_32\" loading=\"lazy\" \/>\t\t\t\t\t\t\t\t\t\t\t\t\t\t\t<\/div>\n\t\t\t\t<\/div>\n\t\t\t\t<div class=\"elementor-element elementor-element-950141e elementor-widget elementor-widget-text-editor\" data-id=\"950141e\" data-element_type=\"widget\" data-e-type=\"widget\" data-widget_type=\"text-editor.default\">\n\t\t\t\t<div class=\"elementor-widget-container\">\n\t\t\t\t\t\t\t\t\t<p>Espejos con marco decorativo adaptables a cualquier ambiente del hogar. Ideal para el cuarto de los ni\u00f1os.<\/p>\t\t\t\t\t\t\t\t<\/div>\n\t\t\t\t<\/div>\n\t\t\t\t\t<\/div>\n\t\t<\/div>\n\t\t\t\t\t<\/div>\n\t\t<\/section>\n\t\t\t\t\t<\/div>\n\t\t<\/div>\n\t\t\t\t\t<\/div>\n\t\t<\/section>\n\t\t\t\t<section class=\"elementor-section elementor-top-section elementor-element elementor-element-652a6ad elementor-section-boxed elementor-section-height-default elementor-section-height-default\" data-id=\"652a6ad\" data-element_type=\"section\" data-e-type=\"section\">\n\t\t\t\t\t\t<div class=\"elementor-container elementor-column-gap-default\">\n\t\t\t\t\t<div class=\"elementor-column elementor-col-100 elementor-top-column elementor-element elementor-element-c551007\" data-id=\"c551007\" data-element_type=\"column\" data-e-type=\"column\">\n\t\t\t<div class=\"elementor-widget-wrap elementor-element-populated\">\n\t\t\t\t\t\t<div class=\"elementor-element elementor-element-a117480 elementor-widget elementor-widget-spacer\" data-id=\"a117480\" data-element_type=\"widget\" data-e-type=\"widget\" data-widget_type=\"spacer.default\">\n\t\t\t\t<div class=\"elementor-widget-container\">\n\t\t\t\t\t\t\t<div class=\"elementor-spacer\">\n\t\t\t<div class=\"elementor-spacer-inner\"><\/div>\n\t\t<\/div>\n\t\t\t\t\t\t<\/div>\n\t\t\t\t<\/div>\n\t\t\t\t\t<\/div>\n\t\t<\/div>\n\t\t\t\t\t<\/div>\n\t\t<\/section>\n\t\t\t\t<section class=\"elementor-section elementor-top-section elementor-element elementor-element-cf693b8 elementor-section-boxed elementor-section-height-default elementor-section-height-default\" data-id=\"cf693b8\" data-element_type=\"section\" data-e-type=\"section\">\n\t\t\t\t\t\t<div class=\"elementor-container elementor-column-gap-default\">\n\t\t\t\t\t<div class=\"elementor-column elementor-col-100 elementor-top-column elementor-element elementor-element-28645bf\" data-id=\"28645bf\" data-element_type=\"column\" data-e-type=\"column\">\n\t\t\t<div class=\"elementor-widget-wrap elementor-element-populated\">\n\t\t\t\t\t\t<div class=\"elementor-element elementor-element-98e1c0c elementor-invisible elementor-widget elementor-widget-heading\" data-id=\"98e1c0c\" data-element_type=\"widget\" data-e-type=\"widget\" data-settings=\"{&quot;_animation&quot;:&quot;fadeInLeft&quot;}\" data-widget_type=\"heading.default\">\n\t\t\t\t<div class=\"elementor-widget-container\">\n\t\t\t\t\t<h2 class=\"elementor-heading-title elementor-size-default\"><i>Te ofrecemos productos de calidad a precios accesibles y gran variedad de dise\u00f1os<\/i><\/h2>\t\t\t\t<\/div>\n\t\t\t\t<\/div>\n\t\t\t\t\t<\/div>\n\t\t<\/div>\n\t\t\t\t\t<\/div>\n\t\t<\/section>\n\t\t\t\t<\/div>\n\t\t","protected":false},"excerpt":{"rendered":"<p>Somos una marca registrada con m\u00e1s de 30 a\u00f1os de trayectoria en el mercado. No somos innovaci\u00f3n, somos leyenda. Espejo circular ideal para lucir cualquier habitaci\u00f3n o living. Brinda perspectiva y dise\u00f1o a tus ambientes. Espejo vertical de piso para figura completa. Permite una visual [&hellip;]<\/p>\n","protected":false},"author":2,"featured_media":0,"parent":0,"menu_order":0,"comment_status":"closed","ping_status":"closed","template":"","meta":{"om_disable_all_campaigns":false,"_monsterinsights_skip_tracking":false,"_monsterinsights_sitenote_active":false,"_monsterinsights_sitenote_note":"","_monsterinsights_sitenote_category":0,"footnotes":""},"class_list":["post-9","page","type-page","status-publish","hentry"],"aioseo_notices":[],"_links":{"self":[{"href":"https:\/\/espejoslaura.com.ar\/index.php\/wp-json\/wp\/v2\/pages\/9","targetHints":{"allow":["GET"]}}],"collection":[{"href":"https:\/\/espejoslaura.com.ar\/index.php\/wp-json\/wp\/v2\/pages"}],"about":[{"href":"https:\/\/espejoslaura.com.ar\/index.php\/wp-json\/wp\/v2\/types\/page"}],"author":[{"embeddable":true,"href":"https:\/\/espejoslaura.com.ar\/index.php\/wp-json\/wp\/v2\/users\/2"}],"replies":[{"embeddable":true,"href":"https:\/\/espejoslaura.com.ar\/index.php\/wp-json\/wp\/v2\/comments?post=9"}],"version-history":[{"count":89,"href":"https:\/\/espejoslaura.com.ar\/index.php\/wp-json\/wp\/v2\/pages\/9\/revisions"}],"predecessor-version":[{"id":326,"href":"https:\/\/espejoslaura.com.ar\/index.php\/wp-json\/wp\/v2\/pages\/9\/revisions\/326"}],"wp:attachment":[{"href":"https:\/\/espejoslaura.com.ar\/index.php\/wp-json\/wp\/v2\/media?parent=9"}],"curies":[{"name":"wp","href":"https:\/\/api.w.org\/{rel}","templated":true}]}}